{"id":757,"date":"2022-01-29T04:20:36","date_gmt":"2022-01-29T04:20:36","guid":{"rendered":"https:\/\/pruebacetis.cleversolutions.mx\/?page_id=757"},"modified":"2023-10-13T21:05:43","modified_gmt":"2023-10-14T03:05:43","slug":"transparencia","status":"publish","type":"page","link":"https:\/\/cbtis171.edu.mx\/?page_id=757","title":{"rendered":"Transparencia"},"content":{"rendered":"\t\t<div data-elementor-type=\"wp-page\" data-elementor-id=\"757\" class=\"elementor elementor-757\" data-elementor-post-type=\"page\">\n\t\t\t\t\t\t<section class=\"elementor-section elementor-top-section elementor-element elementor-element-6518446 elementor-section-boxed elementor-section-height-default elementor-section-height-default\" data-id=\"6518446\" data-element_type=\"section\" data-e-type=\"section\">\n\t\t\t\t\t\t<div class=\"elementor-container elementor-column-gap-default\">\n\t\t\t\t\t<div class=\"elementor-column elementor-col-100 elementor-top-column elementor-element elementor-element-f5c3000\" data-id=\"f5c3000\" data-element_type=\"column\" data-e-type=\"column\">\n\t\t\t<div class=\"elementor-widget-wrap elementor-element-populated\">\n\t\t\t\t\t\t<div class=\"elementor-element elementor-element-de30d76 elementor-widget elementor-widget-heading\" data-id=\"de30d76\" data-element_type=\"widget\" data-e-type=\"widget\" data-widget_type=\"heading.default\">\n\t\t\t\t<div class=\"elementor-widget-container\">\n\t\t\t\t\t<h2 class=\"elementor-heading-title elementor-size-default\">Transparencia<\/h2>\t\t\t\t<\/div>\n\t\t\t\t<\/div>\n\t\t\t\t\t<\/div>\n\t\t<\/div>\n\t\t\t\t\t<\/div>\n\t\t<\/section>\n\t\t\t\t<section class=\"elementor-section elementor-top-section elementor-element elementor-element-8a5cd39 elementor-section-boxed elementor-section-height-default elementor-section-height-default\" data-id=\"8a5cd39\" data-element_type=\"section\" data-e-type=\"section\">\n\t\t\t\t\t\t<div class=\"elementor-container elementor-column-gap-default\">\n\t\t\t\t\t<div class=\"elementor-column elementor-col-100 elementor-top-column elementor-element elementor-element-879c2a2\" data-id=\"879c2a2\" data-element_type=\"column\" data-e-type=\"column\">\n\t\t\t<div class=\"elementor-widget-wrap elementor-element-populated\">\n\t\t\t\t\t\t<div class=\"elementor-element elementor-element-e6d9447 elementor-widget elementor-widget-text-editor\" data-id=\"e6d9447\" data-element_type=\"widget\" data-e-type=\"widget\" data-widget_type=\"text-editor.default\">\n\t\t\t\t<div class=\"elementor-widget-container\">\n\t\t\t\t\t\t\t\t\t<h4>PROYECTO DE INVERSI\u00d3N Y ACTA DE ACUERDOS CON PADRES DE FAMILIA<\/h4><h4 class=\"heading-title text-center p-top-10\">Ciclo Escolar 2016-2017<\/h4><ul><li><a href=\"https:\/\/cbtis171.edu.mx\/docs\/transparencia\/acta_acuerdos_febjul_17.pdf\" target=\"_blank\" rel=\"noopener\">Proyecto de Inversi\u00f3n y Acta de acuerdos con padres de familia Febrero 2017 &#8211; Julio 2017<\/a><\/li><li><a href=\"https:\/\/cbtis171.edu.mx\/docs\/transparencia\/acta_acuerdos_16_17.pdf\" target=\"_blank\" rel=\"noopener\">Proyecto de Inversi\u00f3n y Acta de acuerdos con padres de familia Agosto 2016 &#8211; Enero 2017<\/a><\/li><\/ul><h4 class=\"heading-title text-center p-top-10\">Ciclo Escolar 2015-2016<\/h4><ul><li><a href=\"https:\/\/cbtis171.edu.mx\/docs\/transparencia\/proyInv_Acta_feb_julio2016.html\" target=\"_blank\" rel=\"noopener\">Acta de acuerdos con padres de familia Febrero 2016 &#8211; Julio 2016<\/a><\/li><li><a href=\"https:\/\/cbtis171.edu.mx\/docs\/transparencia\/acta_acuerdos_15_16.pdf\" target=\"_blank\" rel=\"noopener\">Acta de acuerdos con padres de familia Agosto 2015 &#8211; Enero 2016<\/a><\/li><li><a href=\"https:\/\/cbtis171.edu.mx\/docs\/transparencia\/proyecto_inversion_16.html\" target=\"_blank\" rel=\"noopener\">Proyecto de inversi\u00f3n Agosto 2015 &#8211; Enero 2016<\/a><\/li><\/ul><p>Informe de Actividades y Rendici\u00f3n de Cuentas<\/p><h4>Ciclo Escolar 2014-2015<\/h4><h5>Fecha y hora de realizaci\u00f3n<\/h5><p>4 Septiembre 2015, 13:00 hrs<\/p><ul><li><a href=\"https:\/\/cbtis171.edu.mx\/docs\/transparencia\/informe_actividades_14_15.pdf\" target=\"_blank\" rel=\"noopener\">Informe de actividades y rendici\u00f3n de cuentas.<\/a><\/li><li><a href=\"https:\/\/cbtis171.edu.mx\/docs\/transparencia\/resumen_ejecutivo_14_15.pdf\" target=\"_blank\" rel=\"noopener\">Resumen ejecutivo<\/a><\/li><\/ul><h4>Ciclo Escolar 2013-2014<\/h4><h5>Fecha y hora de realizaci\u00f3n<\/h5><p>29 Agosto 2014, 13:00 hrs<\/p><ul><li><a href=\"https:\/\/cbtis171.edu.mx\/docs\/transparencia\/informe_actividades_13_14.pdf\" target=\"_blank\" rel=\"noopener\">Informe de actividades y rendici\u00f3n de cuentas.<\/a><\/li><li><a href=\"https:\/\/cbtis171.edu.mx\/docs\/transparencia\/resumen_ejecutivo_13_14.pdf\" target=\"_blank\" rel=\"noopener\">Resumen ejecutivo<\/a><\/li><\/ul><h4>Puede consultar la informaci\u00f3n en<\/h4><ul><li><a href=\"http:\/\/148.207.17.16\/informe2014\/web\/site\/index\" target=\"_blank\" rel=\"noopener\">Portal de informes de actividades y rendici\u00f3n de cuentas de la educaci\u00f3n media superior 2016<\/a><\/li><\/ul>\t\t\t\t\t\t\t\t<\/div>\n\t\t\t\t<\/div>\n\t\t\t\t\t<\/div>\n\t\t<\/div>\n\t\t\t\t\t<\/div>\n\t\t<\/section>\n\t\t\t\t<\/div>\n\t\t","protected":false},"excerpt":{"rendered":"<p>Transparencia PROYECTO DE INVERSI\u00d3N Y ACTA DE ACUERDOS CON PADRES DE FAMILIA Ciclo Escolar 2016-2017 Proyecto de Inversi\u00f3n y Acta de acuerdos con padres de familia Febrero 2017 &#8211; Julio 2017 Proyecto de Inversi\u00f3n y Acta de acuerdos con padres de familia Agosto 2016 &#8211; Enero 2017 Ciclo Escolar 2015-2016 Acta de acuerdos con padres [&hellip;]<\/p>\n","protected":false},"author":1,"featured_media":0,"parent":0,"menu_order":0,"comment_status":"closed","ping_status":"closed","template":"","meta":{"footnotes":""},"class_list":["post-757","page","type-page","status-publish","hentry"],"_links":{"self":[{"href":"https:\/\/cbtis171.edu.mx\/index.php?rest_route=\/wp\/v2\/pages\/757","targetHints":{"allow":["GET"]}}],"collection":[{"href":"https:\/\/cbtis171.edu.mx\/index.php?rest_route=\/wp\/v2\/pages"}],"about":[{"href":"https:\/\/cbtis171.edu.mx\/index.php?rest_route=\/wp\/v2\/types\/page"}],"author":[{"embeddable":true,"href":"https:\/\/cbtis171.edu.mx\/index.php?rest_route=\/wp\/v2\/users\/1"}],"replies":[{"embeddable":true,"href":"https:\/\/cbtis171.edu.mx\/index.php?rest_route=%2Fwp%2Fv2%2Fcomments&post=757"}],"version-history":[{"count":0,"href":"https:\/\/cbtis171.edu.mx\/index.php?rest_route=\/wp\/v2\/pages\/757\/revisions"}],"wp:attachment":[{"href":"https:\/\/cbtis171.edu.mx\/index.php?rest_route=%2Fwp%2Fv2%2Fmedia&parent=757"}],"curies":[{"name":"wp","href":"https:\/\/api.w.org\/{rel}","templated":true}]}}