{"id":734,"date":"2022-01-29T04:12:29","date_gmt":"2022-01-29T04:12:29","guid":{"rendered":"https:\/\/pruebacetis.cleversolutions.mx\/?page_id=734"},"modified":"2023-10-13T15:08:35","modified_gmt":"2023-10-13T21:08:35","slug":"historia-del-plantel","status":"publish","type":"page","link":"https:\/\/cbtis171.edu.mx\/?page_id=734","title":{"rendered":"Historia del Plantel"},"content":{"rendered":"\t\t<div data-elementor-type=\"wp-page\" data-elementor-id=\"734\" class=\"elementor elementor-734\" data-elementor-post-type=\"page\">\n\t\t\t\t\t\t<section class=\"elementor-section elementor-top-section elementor-element elementor-element-a039b8f elementor-section-boxed elementor-section-height-default elementor-section-height-default\" data-id=\"a039b8f\" data-element_type=\"section\" data-e-type=\"section\">\n\t\t\t\t\t\t<div class=\"elementor-container elementor-column-gap-default\">\n\t\t\t\t\t<div class=\"elementor-column elementor-col-100 elementor-top-column elementor-element elementor-element-3126cdc\" data-id=\"3126cdc\" data-element_type=\"column\" data-e-type=\"column\">\n\t\t\t<div class=\"elementor-widget-wrap elementor-element-populated\">\n\t\t\t\t\t\t<div class=\"elementor-element elementor-element-9cb96f1 elementor-widget elementor-widget-heading\" data-id=\"9cb96f1\" data-element_type=\"widget\" data-e-type=\"widget\" data-widget_type=\"heading.default\">\n\t\t\t\t<div class=\"elementor-widget-container\">\n\t\t\t\t\t<h2 class=\"elementor-heading-title elementor-size-default\">Historia del Plantel<\/h2>\t\t\t\t<\/div>\n\t\t\t\t<\/div>\n\t\t\t\t\t<\/div>\n\t\t<\/div>\n\t\t\t\t\t<\/div>\n\t\t<\/section>\n\t\t\t\t<section class=\"elementor-section elementor-top-section elementor-element elementor-element-2c4c53e elementor-section-boxed elementor-section-height-default elementor-section-height-default\" data-id=\"2c4c53e\" data-element_type=\"section\" data-e-type=\"section\">\n\t\t\t\t\t\t<div class=\"elementor-container elementor-column-gap-default\">\n\t\t\t\t\t<div class=\"elementor-column elementor-col-100 elementor-top-column elementor-element elementor-element-bfd30ba\" data-id=\"bfd30ba\" data-element_type=\"column\" data-e-type=\"column\">\n\t\t\t<div class=\"elementor-widget-wrap elementor-element-populated\">\n\t\t\t\t\t\t<div class=\"elementor-element elementor-element-c2afc5a elementor-widget elementor-widget-text-editor\" data-id=\"c2afc5a\" data-element_type=\"widget\" data-e-type=\"widget\" data-widget_type=\"text-editor.default\">\n\t\t\t\t<div class=\"elementor-widget-container\">\n\t\t\t\t\t\t\t\t\t<h4 style=\"margin: 1.33em 0px; padding: 0px; font-family: montserrat, Helvetica, Arial, sans-serif; line-height: 1.1; color: #404041; font-size: 18px; text-align: justify;\">Sinopsis<\/h4><p style=\"margin: 1em 0px; padding: 0px; font-family: montserrat, Helvetica, Arial, sans-serif; color: #404041; font-size: 18px; text-align: justify;\">El CBTis No. 171 se localiza en la Colonia Ju\u00e1rez (Echegaray 416 norte) en la cabecera municipal del municipio de Abasolo, Gto., creado el 17 de octubre de 1983, pr\u00f3ximo a estar celebrando 40 a\u00f1os.<\/p><p>Con un \u00fanico turno vespertino, a lo que m\u00e1s tarde paso al turno matutino.<\/p><p>El primer director: Ingeniero SALVADOR M\u00c1RQUEZ TAMAYO.<\/p><p>Docentes:<\/p><ul><li>QFB YOLANDA PATRICIA M\u00c9NDEZ MEJ\u00cdA<\/li><li>T\u00e9cnico V\u00cdCTOR MANUEL CORONADO BRIBIESCA<\/li><li>Licenciado SANTIAGO MANCERA RUIZ<\/li><li>Ingeniera MA. EUGENIA BORJA NEGRETE<\/li><li>T\u00e9cnico RAFAEL MAR\u00cdN MURILLO<\/li><li>Ingeniero MARCOS HERN\u00c1NDEZ LONA<\/li><li>Ingeniero RAFAEL RICO JIM\u00c9NEZ<\/li><li>Licenciada MARTHA GUADALUPE LARA OLVERA<\/li><li>Contador P\u00fablico JUAN ABEL TORRES MORALES<\/li><\/ul><p>Adem\u00e1s contaba con el siguiente personal administrativo y de servicios:<\/p><ul><li>S.E. MAR\u00cdA ELENA PONCE ACOSTA<\/li><li>C. JUSTO ESTEBAN RIVERO ORDO\u00d1EZ<\/li><li>C. MACEDONIO M\u00c1RQUEZ<\/li><li>C. JUAN ANTONIO RAM\u00cdREZ<\/li><\/ul>\t\t\t\t\t\t\t\t<\/div>\n\t\t\t\t<\/div>\n\t\t\t\t\t<\/div>\n\t\t<\/div>\n\t\t\t\t\t<\/div>\n\t\t<\/section>\n\t\t\t\t<section class=\"elementor-section elementor-top-section elementor-element elementor-element-8fce4d3 elementor-section-boxed elementor-section-height-default elementor-section-height-default\" data-id=\"8fce4d3\" data-element_type=\"section\" data-e-type=\"section\">\n\t\t\t\t\t\t<div class=\"elementor-container elementor-column-gap-default\">\n\t\t\t\t\t<div class=\"elementor-column elementor-col-100 elementor-top-column elementor-element elementor-element-a72cdfa\" data-id=\"a72cdfa\" data-element_type=\"column\" data-e-type=\"column\">\n\t\t\t<div class=\"elementor-widget-wrap elementor-element-populated\">\n\t\t\t\t\t\t<div class=\"elementor-element elementor-element-940b716 animated-slow elementor-invisible elementor-widget elementor-widget-image\" data-id=\"940b716\" data-element_type=\"widget\" data-e-type=\"widget\" data-settings=\"{&quot;_animation&quot;:&quot;fadeIn&quot;}\" data-widget_type=\"image.default\">\n\t\t\t\t<div class=\"elementor-widget-container\">\n\t\t\t\t\t\t\t\t\t\t\t\t\t\t\t<img fetchpriority=\"high\" decoding=\"async\" width=\"1500\" height=\"728\" src=\"https:\/\/cbtis171.edu.mx\/wp-content\/uploads\/2023\/10\/CBTis-171-Historia.jpg\" class=\"attachment-1536x1536 size-1536x1536 wp-image-4378\" alt=\"\" srcset=\"https:\/\/cbtis171.edu.mx\/wp-content\/uploads\/2023\/10\/CBTis-171-Historia.jpg 1500w, https:\/\/cbtis171.edu.mx\/wp-content\/uploads\/2023\/10\/CBTis-171-Historia-300x146.jpg 300w, https:\/\/cbtis171.edu.mx\/wp-content\/uploads\/2023\/10\/CBTis-171-Historia-1024x497.jpg 1024w, https:\/\/cbtis171.edu.mx\/wp-content\/uploads\/2023\/10\/CBTis-171-Historia-768x373.jpg 768w\" sizes=\"(max-width: 1500px) 100vw, 1500px\" \/>\t\t\t\t\t\t\t\t\t\t\t\t\t\t\t<\/div>\n\t\t\t\t<\/div>\n\t\t\t\t\t<\/div>\n\t\t<\/div>\n\t\t\t\t\t<\/div>\n\t\t<\/section>\n\t\t\t\t<\/div>\n\t\t","protected":false},"excerpt":{"rendered":"<p>Historia del Plantel Sinopsis El CBTis No. 171 se localiza en la Colonia Ju\u00e1rez (Echegaray 416 norte) en la cabecera municipal del municipio de Abasolo, Gto., creado el 17 de octubre de 1983, pr\u00f3ximo a estar celebrando 40 a\u00f1os. Con un \u00fanico turno vespertino, a lo que m\u00e1s tarde paso al turno matutino. El primer [&hellip;]<\/p>\n","protected":false},"author":1,"featured_media":0,"parent":0,"menu_order":0,"comment_status":"closed","ping_status":"closed","template":"","meta":{"footnotes":""},"class_list":["post-734","page","type-page","status-publish","hentry"],"_links":{"self":[{"href":"https:\/\/cbtis171.edu.mx\/index.php?rest_route=\/wp\/v2\/pages\/734","targetHints":{"allow":["GET"]}}],"collection":[{"href":"https:\/\/cbtis171.edu.mx\/index.php?rest_route=\/wp\/v2\/pages"}],"about":[{"href":"https:\/\/cbtis171.edu.mx\/index.php?rest_route=\/wp\/v2\/types\/page"}],"author":[{"embeddable":true,"href":"https:\/\/cbtis171.edu.mx\/index.php?rest_route=\/wp\/v2\/users\/1"}],"replies":[{"embeddable":true,"href":"https:\/\/cbtis171.edu.mx\/index.php?rest_route=%2Fwp%2Fv2%2Fcomments&post=734"}],"version-history":[{"count":0,"href":"https:\/\/cbtis171.edu.mx\/index.php?rest_route=\/wp\/v2\/pages\/734\/revisions"}],"wp:attachment":[{"href":"https:\/\/cbtis171.edu.mx\/index.php?rest_route=%2Fwp%2Fv2%2Fmedia&parent=734"}],"curies":[{"name":"wp","href":"https:\/\/api.w.org\/{rel}","templated":true}]}}