{"id":659,"date":"2022-01-29T02:28:26","date_gmt":"2022-01-29T02:28:26","guid":{"rendered":"https:\/\/pruebacetis.cleversolutions.mx\/?page_id=659"},"modified":"2023-10-13T16:08:44","modified_gmt":"2023-10-13T22:08:44","slug":"servicio-social-y-titulacion","status":"publish","type":"page","link":"https:\/\/cbtis171.edu.mx\/?page_id=659","title":{"rendered":"Servicio Social y Titulaci\u00f3n"},"content":{"rendered":"\t\t<div data-elementor-type=\"wp-page\" data-elementor-id=\"659\" class=\"elementor elementor-659\" data-elementor-post-type=\"page\">\n\t\t\t\t\t\t<section class=\"elementor-section elementor-top-section elementor-element elementor-element-458c5d0 elementor-section-boxed elementor-section-height-default elementor-section-height-default\" data-id=\"458c5d0\" data-element_type=\"section\" data-e-type=\"section\">\n\t\t\t\t\t\t<div class=\"elementor-container elementor-column-gap-default\">\n\t\t\t\t\t<div class=\"elementor-column elementor-col-100 elementor-top-column elementor-element elementor-element-409f7dd\" data-id=\"409f7dd\" data-element_type=\"column\" data-e-type=\"column\">\n\t\t\t<div class=\"elementor-widget-wrap elementor-element-populated\">\n\t\t\t\t\t\t<div class=\"elementor-element elementor-element-c4faf76 elementor-widget elementor-widget-heading\" data-id=\"c4faf76\" data-element_type=\"widget\" data-e-type=\"widget\" data-widget_type=\"heading.default\">\n\t\t\t\t<div class=\"elementor-widget-container\">\n\t\t\t\t\t<h2 class=\"elementor-heading-title elementor-size-default\">Servicio Social y Titulaci\u00f3n<\/h2>\t\t\t\t<\/div>\n\t\t\t\t<\/div>\n\t\t\t\t\t<\/div>\n\t\t<\/div>\n\t\t\t\t\t<\/div>\n\t\t<\/section>\n\t\t\t\t<section class=\"elementor-section elementor-top-section elementor-element elementor-element-c01c8c7 elementor-section-boxed elementor-section-height-default elementor-section-height-default\" data-id=\"c01c8c7\" data-element_type=\"section\" data-e-type=\"section\">\n\t\t\t\t\t\t<div class=\"elementor-container elementor-column-gap-default\">\n\t\t\t\t\t<div class=\"elementor-column elementor-col-100 elementor-top-column elementor-element elementor-element-e207cfb\" data-id=\"e207cfb\" data-element_type=\"column\" data-e-type=\"column\">\n\t\t\t<div class=\"elementor-widget-wrap elementor-element-populated\">\n\t\t\t\t\t\t<div class=\"elementor-element elementor-element-4d9e612 elementor-widget elementor-widget-text-editor\" data-id=\"4d9e612\" data-element_type=\"widget\" data-e-type=\"widget\" data-widget_type=\"text-editor.default\">\n\t\t\t\t<div class=\"elementor-widget-container\">\n\t\t\t\t\t\t\t\t\t<h2>SERVICIO SOCIAL<\/h2><h3 class=\"text-uppercase\">\u00bfQU\u00c9 ES EL SERVICIO SOCIAL?<\/h3><div class=\"heading-title text-center p-top-10\"><p>Es una actividad eminentemente formativa y de servicio, es decir, por un lado afirma y ampl\u00eda la informaci\u00f3n acad\u00e9mica del estudiante y, por otro, fomenta en \u00e9l una conciencia de solidaridad con la sociedad a la que pertenece. El Servicio Social se presta con car\u00e1cter temporal y obligatorio; adem\u00e1s, es un requisito acad\u00e9mico indispensable para la expedici\u00f3n del certificado<\/p><p><strong>Instrucciones de Llenado<\/strong><\/p><ul type=\"disc\"><li>El llenado se debe realizar en computadora, con sellos y firmas en original.<\/li><li>Para el llenado, favor de consultar la copia de tu papeler\u00eda oficial que recibiste de la Oficina de Servicio Social y Titulaci\u00f3n, recuerda que los campos que te marcaron en la papeler\u00eda no cambian en tus reportes, \u00fanicamente los periodos de entrega y recepci\u00f3n.<\/li><li>Recuerda que cada 2 meses entregar\u00e1s reporte bimestral.<\/li><li>Cuando re\u00fanas las 480 hrs, sean totalmente laboradas en una instituci\u00f3n, con tu \u00faltimo reporte, entregar\u00e1s el informe final, carta de liberaci\u00f3n (pedirla en la instituci\u00f3n donde diste tu servicio)<\/li><li>Para cualquier duda y\/o aclaraci\u00f3n favor de presentarte en la oficina de servicio social y titulaci\u00f3n.<\/li><\/ul><p>Cualquier duda pasar a la oficina de servicio social con la Lic. Patricia Beatriz V\u00e1zquez Torres.<\/p><\/div><p>\u00a0<\/p><h2>TITULACI\u00d3N<\/h2><h4>Descripci\u00f3n<\/h4><p>Marca el final del proceso de tu educaci\u00f3n del Bachillerato Tecnol\u00f3gico. Es un documento que te acredita en el \u00e1rea profesional que estudiaste, marcando una ventaja en el mercado laboral.<\/p><p>Al concluir los estudios, se obtiene el Certificado de Bachillerato y una Carta de Pasante (siempre y cuando acredites el Servicio Social y Pr\u00e1cticas Profesionales); una vez cubiertos los requisitos correspondientes y participando en alguna de las opciones que marca el Manual de Control Escolar, se puede obtener el T\u00edtulo y la C\u00e9dula Profesional de la carrera que se curs\u00f3, registrados ante la Direcci\u00f3n General de Profesiones de la Secretar\u00eda de Educaci\u00f3n P\u00fablica.<\/p><h2>OPCIONES DE TITULACI\u00d3N<\/h2><p><strong>A) Titulaci\u00f3n Autom\u00e1tica<\/strong><\/p><p>Cuando el alumno acredite todas las asignaturas con calificaciones de aprobatoria y tenga los cinco m\u00f3dulos de la carrera aprobados con (8) o superiores. Y las Constancias o Dictamen de competencias es el documento mediante el cual se otorga el reconocimiento oficial de los conocimientos, habilidades y actitudes de los m\u00f3dulos de formaci\u00f3n de la Especialidad y ser\u00e1n expedidas por la oficinas de Control Escolar. As\u00ed mismo contar con un promedio general de 8.0 (ocho punto cero) como m\u00ednimo.<\/p><p>\u00a0<\/p><p><strong>B) Titulaci\u00f3n por Experiencia Laboral<\/strong><\/p><p>Cuando demuestre como m\u00ednimo un a\u00f1o de experiencia laboral, se realizar\u00e1 a trav\u00e9s de la memoria correspondiente y la constancia de la empresa donde se desempe\u00f1o profesionalmente, siempre y cuando la memoria refiera las aplicaciones en el trabajo de los conocimientos y competencias adquiridas en la carrera, eligiendo un tema referente al campo de tu especialidad.<br \/>La memoria tiene por objetivo describir la experiencia profesional que evidencie el uso de metodolog\u00edas, apoyos t\u00e9cnicos, material bibliogr\u00e1fico, etc. utilizados cotidianamente.<\/p><p>Presentar\u00e1 memoria profesional con un m\u00ednimo de 26 cuartillas, apoyados con un Asesor.<\/p><p>\u00a0<\/p><p><strong>C) Dise\u00f1o de Prototipos o Proyectos Innovadores de Desarrollo Tecnol\u00f3gico<\/strong><\/p><p>Cuando el alumno demuestre haberlo realizado a trav\u00e9s de la memoria correspondiente, siempre y cuando la memoria refiera las aplicaciones en el trabajo de los conocimientos y competencias adquiridas en la carrera. El alumno elaborar\u00e1 prototipos did\u00e1cticos o proyectos innovadores de desarrollo tecnol\u00f3gico sujetos a los planes y programas de estudio, ser\u00e1n revisados por docentes de cuyas materias de especialidad impartieron. La autorizaci\u00f3n de esta modalidad individual o colectiva quedar\u00e1 condicionada a un an\u00e1lisis previo por parte de la Oficina de Titulaci\u00f3n del plantel y de los Asesores, tomando en cuenta el grado de dificultad y su aportaci\u00f3n te\u00f3rica. En caso de ser colectiva se distribuir\u00e1n los temas equitativamente y se realizar\u00e1 entre no m\u00e1s de cinco alumnos de la especialidad. Presentar\u00e1 memoria correspondiente. M\u00ednimo 40 cuartillas.<\/p><p>\u00a0<\/p>\t\t\t\t\t\t\t\t<\/div>\n\t\t\t\t<\/div>\n\t\t\t\t\t<\/div>\n\t\t<\/div>\n\t\t\t\t\t<\/div>\n\t\t<\/section>\n\t\t\t\t<section class=\"elementor-section elementor-top-section elementor-element elementor-element-e526814 elementor-section-boxed elementor-section-height-default elementor-section-height-default\" data-id=\"e526814\" data-element_type=\"section\" data-e-type=\"section\">\n\t\t\t\t\t\t<div class=\"elementor-container elementor-column-gap-default\">\n\t\t\t\t\t<div class=\"elementor-column elementor-col-50 elementor-top-column elementor-element elementor-element-ae3a280\" data-id=\"ae3a280\" data-element_type=\"column\" data-e-type=\"column\">\n\t\t\t<div class=\"elementor-widget-wrap elementor-element-populated\">\n\t\t\t\t\t\t<div class=\"elementor-element elementor-element-6ea9199 elementor-widget elementor-widget-heading\" data-id=\"6ea9199\" data-element_type=\"widget\" data-e-type=\"widget\" data-widget_type=\"heading.default\">\n\t\t\t\t<div class=\"elementor-widget-container\">\n\t\t\t\t\t<h2 class=\"elementor-heading-title elementor-size-default\">Formatos de Servicio Social<\/h2>\t\t\t\t<\/div>\n\t\t\t\t<\/div>\n\t\t\t\t\t<\/div>\n\t\t<\/div>\n\t\t\t\t<div class=\"elementor-column elementor-col-50 elementor-top-column elementor-element elementor-element-7298013\" data-id=\"7298013\" data-element_type=\"column\" data-e-type=\"column\">\n\t\t\t<div class=\"elementor-widget-wrap elementor-element-populated\">\n\t\t\t\t\t\t<div class=\"elementor-element elementor-element-6d0bf17 elementor-widget elementor-widget-heading\" data-id=\"6d0bf17\" data-element_type=\"widget\" data-e-type=\"widget\" data-widget_type=\"heading.default\">\n\t\t\t\t<div class=\"elementor-widget-container\">\n\t\t\t\t\t<h2 class=\"elementor-heading-title elementor-size-default\">Formatos de Titulaci\u00f3n<\/h2>\t\t\t\t<\/div>\n\t\t\t\t<\/div>\n\t\t\t\t\t<\/div>\n\t\t<\/div>\n\t\t\t\t\t<\/div>\n\t\t<\/section>\n\t\t\t\t<section class=\"elementor-section elementor-top-section elementor-element elementor-element-e1bf83f elementor-section-boxed elementor-section-height-default elementor-section-height-default\" data-id=\"e1bf83f\" data-element_type=\"section\" data-e-type=\"section\">\n\t\t\t\t\t\t<div class=\"elementor-container elementor-column-gap-default\">\n\t\t\t\t\t<div class=\"elementor-column elementor-col-50 elementor-top-column elementor-element elementor-element-b488794\" data-id=\"b488794\" data-element_type=\"column\" data-e-type=\"column\">\n\t\t\t<div class=\"elementor-widget-wrap elementor-element-populated\">\n\t\t\t\t\t\t<div class=\"elementor-element elementor-element-8853a4a elementor-widget elementor-widget-text-editor\" data-id=\"8853a4a\" data-element_type=\"widget\" data-e-type=\"widget\" data-widget_type=\"text-editor.default\">\n\t\t\t\t<div class=\"elementor-widget-container\">\n\t\t\t\t\t\t\t\t\t<ul style=\"font-size: 17px; background-color: #ffffff; font-weight: bold;\"><li><a href=\"https:\/\/cbtis171.edu.mx\/docs\/serviciosocial\/01SolicituddeServicioSocial.doc\">Solicitud de Servicio Social<\/a><\/li><li><a href=\"https:\/\/cbtis171.edu.mx\/docs\/serviciosocial\/05CartadeAsignacion.doc\">Carta de asignaci\u00f3n<\/a><\/li><li><a href=\"https:\/\/cbtis171.edu.mx\/docs\/serviciosocial\/02CartaCompromiso.doc\">Carta compromiso<\/a><\/li><li><a href=\"https:\/\/cbtis171.edu.mx\/docs\/serviciosocial\/08InformeBimestral.doc\">Informe Bimestral<\/a><\/li><li><a href=\"https:\/\/cbtis171.edu.mx\/docs\/serviciosocial\/09ReporteFinal.doc\">Informe Final<\/a><\/li><li><a href=\"https:\/\/cbtis171.edu.mx\/docs\/serviciosocial\/11Evaluacion.xls\">Evaluaciones<\/a><\/li><li><a href=\"https:\/\/cbtis171.edu.mx\/docs\/serviciosocial\/12HojadeControl.doc\">Hoja de control<\/a><\/li><\/ul>\t\t\t\t\t\t\t\t<\/div>\n\t\t\t\t<\/div>\n\t\t\t\t\t<\/div>\n\t\t<\/div>\n\t\t\t\t<div class=\"elementor-column elementor-col-50 elementor-top-column elementor-element elementor-element-fbd7766\" data-id=\"fbd7766\" data-element_type=\"column\" data-e-type=\"column\">\n\t\t\t<div class=\"elementor-widget-wrap elementor-element-populated\">\n\t\t\t\t\t\t<div class=\"elementor-element elementor-element-335a87f elementor-widget elementor-widget-text-editor\" data-id=\"335a87f\" data-element_type=\"widget\" data-e-type=\"widget\" data-widget_type=\"text-editor.default\">\n\t\t\t\t<div class=\"elementor-widget-container\">\n\t\t\t\t\t\t\t\t\t<ul style=\"font-size: 17px; background-color: #ffffff; font-weight: bold;\"><li style=\"font-size: 17px;\">Solicitud de Tr\u00e1mite de Titulaci\u00f3n<\/li><li>Requisitos para un Proyecto<\/li><\/ul>\t\t\t\t\t\t\t\t<\/div>\n\t\t\t\t<\/div>\n\t\t\t\t\t<\/div>\n\t\t<\/div>\n\t\t\t\t\t<\/div>\n\t\t<\/section>\n\t\t\t\t<\/div>\n\t\t","protected":false},"excerpt":{"rendered":"<p>Servicio Social y Titulaci\u00f3n SERVICIO SOCIAL \u00bfQU\u00c9 ES EL SERVICIO SOCIAL? Es una actividad eminentemente formativa y de servicio, es decir, por un lado afirma y ampl\u00eda la informaci\u00f3n acad\u00e9mica del estudiante y, por otro, fomenta en \u00e9l una conciencia de solidaridad con la sociedad a la que pertenece. El Servicio Social se presta con [&hellip;]<\/p>\n","protected":false},"author":1,"featured_media":0,"parent":0,"menu_order":0,"comment_status":"closed","ping_status":"closed","template":"","meta":{"footnotes":""},"class_list":["post-659","page","type-page","status-publish","hentry"],"_links":{"self":[{"href":"https:\/\/cbtis171.edu.mx\/index.php?rest_route=\/wp\/v2\/pages\/659","targetHints":{"allow":["GET"]}}],"collection":[{"href":"https:\/\/cbtis171.edu.mx\/index.php?rest_route=\/wp\/v2\/pages"}],"about":[{"href":"https:\/\/cbtis171.edu.mx\/index.php?rest_route=\/wp\/v2\/types\/page"}],"author":[{"embeddable":true,"href":"https:\/\/cbtis171.edu.mx\/index.php?rest_route=\/wp\/v2\/users\/1"}],"replies":[{"embeddable":true,"href":"https:\/\/cbtis171.edu.mx\/index.php?rest_route=%2Fwp%2Fv2%2Fcomments&post=659"}],"version-history":[{"count":0,"href":"https:\/\/cbtis171.edu.mx\/index.php?rest_route=\/wp\/v2\/pages\/659\/revisions"}],"wp:attachment":[{"href":"https:\/\/cbtis171.edu.mx\/index.php?rest_route=%2Fwp%2Fv2%2Fmedia&parent=659"}],"curies":[{"name":"wp","href":"https:\/\/api.w.org\/{rel}","templated":true}]}}