{"id":644,"date":"2022-01-29T02:13:48","date_gmt":"2022-01-29T02:13:48","guid":{"rendered":"https:\/\/pruebacetis.cleversolutions.mx\/?page_id=644"},"modified":"2023-10-13T15:57:26","modified_gmt":"2023-10-13T21:57:26","slug":"practicas-profesionales","status":"publish","type":"page","link":"https:\/\/cbtis171.edu.mx\/?page_id=644","title":{"rendered":"Pr\u00e1cticas Profesionales"},"content":{"rendered":"\t\t<div data-elementor-type=\"wp-page\" data-elementor-id=\"644\" class=\"elementor elementor-644\" data-elementor-post-type=\"page\">\n\t\t\t\t\t\t<section class=\"elementor-section elementor-top-section elementor-element elementor-element-86f42a2 elementor-section-boxed elementor-section-height-default elementor-section-height-default\" data-id=\"86f42a2\" data-element_type=\"section\" data-e-type=\"section\">\n\t\t\t\t\t\t<div class=\"elementor-container elementor-column-gap-default\">\n\t\t\t\t\t<div class=\"elementor-column elementor-col-100 elementor-top-column elementor-element elementor-element-57818e0\" data-id=\"57818e0\" data-element_type=\"column\" data-e-type=\"column\">\n\t\t\t<div class=\"elementor-widget-wrap elementor-element-populated\">\n\t\t\t\t\t\t<div class=\"elementor-element elementor-element-aaad507 elementor-widget elementor-widget-heading\" data-id=\"aaad507\" data-element_type=\"widget\" data-e-type=\"widget\" data-widget_type=\"heading.default\">\n\t\t\t\t<div class=\"elementor-widget-container\">\n\t\t\t\t\t<h2 class=\"elementor-heading-title elementor-size-default\">Pr\u00e1cticas Profesionales<\/h2>\t\t\t\t<\/div>\n\t\t\t\t<\/div>\n\t\t\t\t\t<\/div>\n\t\t<\/div>\n\t\t\t\t\t<\/div>\n\t\t<\/section>\n\t\t\t\t<section class=\"elementor-section elementor-top-section elementor-element elementor-element-ed61190 elementor-section-boxed elementor-section-height-default elementor-section-height-default\" data-id=\"ed61190\" data-element_type=\"section\" data-e-type=\"section\">\n\t\t\t\t\t\t<div class=\"elementor-container elementor-column-gap-default\">\n\t\t\t\t\t<div class=\"elementor-column elementor-col-100 elementor-top-column elementor-element elementor-element-38f5156\" data-id=\"38f5156\" data-element_type=\"column\" data-e-type=\"column\">\n\t\t\t<div class=\"elementor-widget-wrap elementor-element-populated\">\n\t\t\t\t\t\t<div class=\"elementor-element elementor-element-6a1c6ea elementor-widget elementor-widget-text-editor\" data-id=\"6a1c6ea\" data-element_type=\"widget\" data-e-type=\"widget\" data-widget_type=\"text-editor.default\">\n\t\t\t\t<div class=\"elementor-widget-container\">\n\t\t\t\t\t\t\t\t\t<p><strong>\u00bfQUE SON?<\/strong><\/p><p>Son la estancia temporal de los alumnos o instituciones del sector productivo de bienes o servicios, donde \u00e9stos realizar\u00e1n actividades acordes a su perfil profesional, permiti\u00e9ndoles as\u00ed conocer los procesos de producci\u00f3n directamente en el entorno laboral, al mismo tiempo, les brindar\u00e1 la oportunidad de adquirir conocimientos durante su preparaci\u00f3n profesional, adem\u00e1s est\u00e1n consideradas como requisitos para la obtenci\u00f3n de tu t\u00edtulo profesional.<\/p><p><strong>\u00bfQUIENES SE CONSIDERAN CANDIDATOS PARA REALIZAR LAS PR\u00c1CTICAS PROFESIONALES?<\/strong><\/p><p>Se consideran candidatos para pr\u00e1cticas profesionales a los alumnos regulares que hayan cubierto el 80% de los cr\u00e9ditos de su plan de estudios. (Alumnos que hayan cursando el quinto semestre)<\/p><p><strong>DOCUMENTOS QUE INTEGRAN EL EXPEDIENTE<\/strong><\/p><p>1. Solicitud elaborada en computadora, deber\u00e1 ir completa y correctamente llenada y firmada por el alumno y por el departamento de vinculaci\u00f3n.<br \/>Solicitud de pr\u00e1cticas profesionales.<br \/>2. Copia del CURP.<br \/>3. Copia del acta de nacimiento.<br \/>4. Copia de la constancia. terminaci\u00f3n de servicio social.<br \/>5. Copia del registro o RFC de la empresa responsable.<\/p><p><strong>EN BASE A LO ANTERIOR TE ELABORAREMOS<\/strong><\/p><p>6. Tu carta de presentaci\u00f3n para la empresa en la empresa.<br \/>7. Tu carta de aceptaci\u00f3n en la empresa.<br \/>8. Convenio de Pr\u00e1cticas Profesionales (alumno, empresa, escuela) Todo debe ir firmado y sellado por la empresa.<\/p><p><strong>CON TU AVANCE DEBERAS ENTREGAR.<\/strong><\/p><p>9. Primer reporte.<br \/>10. Segundo reporte.<br \/>11. Tercer reporte.<br \/>12. Reporte final.<\/p><p><strong>CUANDO TERMINES TUS PR\u00c1CTICAS<\/strong><\/p><p>13. La empresa deber\u00e1 hacerte una carta de que ya terminaste las pr\u00e1cticas profesionales en hoja membretada de la empresa, misma que deber\u00e1s entregar en vinculaci\u00f3n.<br \/>14. El departamento de vinculaci\u00f3n deber\u00e1 darte una carta en la cu\u00e1l agradece a la empresa tu estancia ah\u00ed, misma que deber\u00e1n firmarte y sellarte de recibido.<br \/>En total deber\u00e1n de ser 14 documentos los que integren tu expediente.<\/p>\t\t\t\t\t\t\t\t<\/div>\n\t\t\t\t<\/div>\n\t\t\t\t\t<\/div>\n\t\t<\/div>\n\t\t\t\t\t<\/div>\n\t\t<\/section>\n\t\t\t\t<section class=\"elementor-section elementor-top-section elementor-element elementor-element-0a5518f elementor-section-boxed elementor-section-height-default elementor-section-height-default\" data-id=\"0a5518f\" data-element_type=\"section\" data-e-type=\"section\">\n\t\t\t\t\t\t<div class=\"elementor-container elementor-column-gap-default\">\n\t\t\t\t\t<div class=\"elementor-column elementor-col-100 elementor-top-column elementor-element elementor-element-ffd541c\" data-id=\"ffd541c\" data-element_type=\"column\" data-e-type=\"column\">\n\t\t\t<div class=\"elementor-widget-wrap elementor-element-populated\">\n\t\t\t\t\t\t<div class=\"elementor-element elementor-element-7774c48 elementor-widget elementor-widget-heading\" data-id=\"7774c48\" data-element_type=\"widget\" data-e-type=\"widget\" data-widget_type=\"heading.default\">\n\t\t\t\t<div class=\"elementor-widget-container\">\n\t\t\t\t\t<h2 class=\"elementor-heading-title elementor-size-default\">Formatos disponibles para descargar<\/h2>\t\t\t\t<\/div>\n\t\t\t\t<\/div>\n\t\t\t\t\t<\/div>\n\t\t<\/div>\n\t\t\t\t\t<\/div>\n\t\t<\/section>\n\t\t\t\t<section class=\"elementor-section elementor-top-section elementor-element elementor-element-6054c3e elementor-section-boxed elementor-section-height-default elementor-section-height-default\" data-id=\"6054c3e\" data-element_type=\"section\" data-e-type=\"section\">\n\t\t\t\t\t\t<div class=\"elementor-container elementor-column-gap-default\">\n\t\t\t\t\t<div class=\"elementor-column elementor-col-100 elementor-top-column elementor-element elementor-element-c4d110b\" data-id=\"c4d110b\" data-element_type=\"column\" data-e-type=\"column\">\n\t\t\t<div class=\"elementor-widget-wrap elementor-element-populated\">\n\t\t\t\t\t\t<div class=\"elementor-element elementor-element-03139d4 elementor-widget elementor-widget-text-editor\" data-id=\"03139d4\" data-element_type=\"widget\" data-e-type=\"widget\" data-widget_type=\"text-editor.default\">\n\t\t\t\t<div class=\"elementor-widget-container\">\n\t\t\t\t\t\t\t\t\t<ul><li>Reporte Mensual de Pr\u00e1cticas Profesionales<\/li><li>Reporte Final de Pr\u00e1cticas Profesionales<\/li><\/ul>\t\t\t\t\t\t\t\t<\/div>\n\t\t\t\t<\/div>\n\t\t\t\t\t<\/div>\n\t\t<\/div>\n\t\t\t\t\t<\/div>\n\t\t<\/section>\n\t\t\t\t<\/div>\n\t\t","protected":false},"excerpt":{"rendered":"<p>Pr\u00e1cticas Profesionales \u00bfQUE SON? Son la estancia temporal de los alumnos o instituciones del sector productivo de bienes o servicios, donde \u00e9stos realizar\u00e1n actividades acordes a su perfil profesional, permiti\u00e9ndoles as\u00ed conocer los procesos de producci\u00f3n directamente en el entorno laboral, al mismo tiempo, les brindar\u00e1 la oportunidad de adquirir conocimientos durante su preparaci\u00f3n profesional, [&hellip;]<\/p>\n","protected":false},"author":1,"featured_media":0,"parent":0,"menu_order":0,"comment_status":"closed","ping_status":"closed","template":"","meta":{"footnotes":""},"class_list":["post-644","page","type-page","status-publish","hentry"],"_links":{"self":[{"href":"https:\/\/cbtis171.edu.mx\/index.php?rest_route=\/wp\/v2\/pages\/644","targetHints":{"allow":["GET"]}}],"collection":[{"href":"https:\/\/cbtis171.edu.mx\/index.php?rest_route=\/wp\/v2\/pages"}],"about":[{"href":"https:\/\/cbtis171.edu.mx\/index.php?rest_route=\/wp\/v2\/types\/page"}],"author":[{"embeddable":true,"href":"https:\/\/cbtis171.edu.mx\/index.php?rest_route=\/wp\/v2\/users\/1"}],"replies":[{"embeddable":true,"href":"https:\/\/cbtis171.edu.mx\/index.php?rest_route=%2Fwp%2Fv2%2Fcomments&post=644"}],"version-history":[{"count":0,"href":"https:\/\/cbtis171.edu.mx\/index.php?rest_route=\/wp\/v2\/pages\/644\/revisions"}],"wp:attachment":[{"href":"https:\/\/cbtis171.edu.mx\/index.php?rest_route=%2Fwp%2Fv2%2Fmedia&parent=644"}],"curies":[{"name":"wp","href":"https:\/\/api.w.org\/{rel}","templated":true}]}}