{"id":544,"date":"2022-01-29T01:08:49","date_gmt":"2022-01-29T01:08:49","guid":{"rendered":"https:\/\/pruebacetis.cleversolutions.mx\/?page_id=544"},"modified":"2023-10-17T18:08:30","modified_gmt":"2023-10-18T00:08:30","slug":"tecnico-en-laboratorio-clinico","status":"publish","type":"page","link":"https:\/\/cbtis171.edu.mx\/?page_id=544","title":{"rendered":"T\u00e9cnico Laboratorista Cl\u00ednico"},"content":{"rendered":"\t\t<div data-elementor-type=\"wp-page\" data-elementor-id=\"544\" class=\"elementor elementor-544\" data-elementor-post-type=\"page\">\n\t\t\t\t\t\t<section class=\"elementor-section elementor-top-section elementor-element elementor-element-148188d elementor-section-boxed elementor-section-height-default elementor-section-height-default\" data-id=\"148188d\" data-element_type=\"section\" data-e-type=\"section\">\n\t\t\t\t\t\t<div class=\"elementor-container elementor-column-gap-default\">\n\t\t\t\t\t<div class=\"elementor-column elementor-col-100 elementor-top-column elementor-element elementor-element-a9e1577\" data-id=\"a9e1577\" data-element_type=\"column\" data-e-type=\"column\">\n\t\t\t<div class=\"elementor-widget-wrap elementor-element-populated\">\n\t\t\t\t\t\t<div class=\"elementor-element elementor-element-fa85f73 elementor-widget elementor-widget-heading\" data-id=\"fa85f73\" data-element_type=\"widget\" data-e-type=\"widget\" data-widget_type=\"heading.default\">\n\t\t\t\t<div class=\"elementor-widget-container\">\n\t\t\t\t\t<h2 class=\"elementor-heading-title elementor-size-default\">T\u00e9cnico Laboratorista Cl\u00ednico<\/h2>\t\t\t\t<\/div>\n\t\t\t\t<\/div>\n\t\t\t\t\t<\/div>\n\t\t<\/div>\n\t\t\t\t\t<\/div>\n\t\t<\/section>\n\t\t\t\t<section class=\"elementor-section elementor-top-section elementor-element elementor-element-f55590d elementor-section-boxed elementor-section-height-default elementor-section-height-default\" data-id=\"f55590d\" data-element_type=\"section\" data-e-type=\"section\">\n\t\t\t\t\t\t<div class=\"elementor-container elementor-column-gap-default\">\n\t\t\t\t\t<div class=\"elementor-column elementor-col-100 elementor-top-column elementor-element elementor-element-47c6662\" data-id=\"47c6662\" data-element_type=\"column\" data-e-type=\"column\">\n\t\t\t<div class=\"elementor-widget-wrap elementor-element-populated\">\n\t\t\t\t\t\t<div class=\"elementor-element elementor-element-3737321 elementor-widget elementor-widget-image\" data-id=\"3737321\" data-element_type=\"widget\" data-e-type=\"widget\" data-widget_type=\"image.default\">\n\t\t\t\t<div class=\"elementor-widget-container\">\n\t\t\t\t\t\t\t\t\t\t\t\t\t\t\t<img fetchpriority=\"high\" decoding=\"async\" width=\"800\" height=\"626\" src=\"https:\/\/cbtis171.edu.mx\/wp-content\/uploads\/2022\/06\/laboratorio1-1024x801.jpg\" class=\"attachment-large size-large wp-image-1634\" alt=\"\" srcset=\"https:\/\/cbtis171.edu.mx\/wp-content\/uploads\/2022\/06\/laboratorio1-1024x801.jpg 1024w, https:\/\/cbtis171.edu.mx\/wp-content\/uploads\/2022\/06\/laboratorio1-300x235.jpg 300w, https:\/\/cbtis171.edu.mx\/wp-content\/uploads\/2022\/06\/laboratorio1-768x601.jpg 768w, https:\/\/cbtis171.edu.mx\/wp-content\/uploads\/2022\/06\/laboratorio1.jpg 1257w\" sizes=\"(max-width: 800px) 100vw, 800px\" \/>\t\t\t\t\t\t\t\t\t\t\t\t\t\t\t<\/div>\n\t\t\t\t<\/div>\n\t\t\t\t\t<\/div>\n\t\t<\/div>\n\t\t\t\t\t<\/div>\n\t\t<\/section>\n\t\t\t\t<section class=\"elementor-section elementor-top-section elementor-element elementor-element-87c1693 elementor-section-boxed elementor-section-height-default elementor-section-height-default\" data-id=\"87c1693\" data-element_type=\"section\" data-e-type=\"section\">\n\t\t\t\t\t\t<div class=\"elementor-container elementor-column-gap-default\">\n\t\t\t\t\t<div class=\"elementor-column elementor-col-100 elementor-top-column elementor-element elementor-element-e9ee639\" data-id=\"e9ee639\" data-element_type=\"column\" data-e-type=\"column\">\n\t\t\t<div class=\"elementor-widget-wrap elementor-element-populated\">\n\t\t\t\t\t\t<div class=\"elementor-element elementor-element-3ba8aaa elementor-widget elementor-widget-text-editor\" data-id=\"3ba8aaa\" data-element_type=\"widget\" data-e-type=\"widget\" data-widget_type=\"text-editor.default\">\n\t\t\t\t<div class=\"elementor-widget-container\">\n\t\t\t\t\t\t\t\t\t<p><strong>1.2 Justificaci\u00f3n de la carrera<\/strong><\/p><p>La carrera de T\u00e9cnico Laboratorista Cl\u00ednico ofrece las competencias profesionales que permiten al estudiante realizar actividades dirigidas a la participaci\u00f3n en procesos encaminados al diagn\u00f3stico, tratamiento, seguimiento y preservaci\u00f3n de la salud del ser humano; as\u00ed como a los procesos tecnol\u00f3gicos y de investigaci\u00f3n inherentes a su campo laboral.<\/p><p>Todas estas competencias posibilitan al egresado su incorporaci\u00f3n al mundo laboral o desarrollar procesos productivos independientes, \u00a0de acuerdo con sus intereses profesionales y necesidades de su entorno social.<\/p><p>As\u00ed mismo, contribuyen a desarrollar competencias gen\u00e9ricas que les permitan comprender el mundo e influir en \u00e9l, les capacita para aprender de forma aut\u00f3noma a lo largo de la vida, desarrollar relaciones arm\u00f3nicas, participar en los \u00e1mbitos social, profesional y pol\u00edtico.<\/p><p>Permite al t\u00e9cnico incorporarse al \u00e1mbito laboral en diversos sitios de inserci\u00f3n como: laboratorios m\u00e9dicos y de diagn\u00f3stico del sector p\u00fablico y privado, servicios de bancos de \u00f3rganos, bancos de sangre y otros servicios auxiliares al tratamiento m\u00e9dico prestados por el sector p\u00fablico y privado.<\/p><p>Para lograr las competencias el estudiante tiene que tener una formaci\u00f3n profesional, que se inicia en el segundo semestre y se concluye en el sexto semestre, desarrollando en este lapso de tiempo las competencias profesionales que marca el programa de estudios.<\/p><p>Los primeros tres m\u00f3dulos de la carrera t\u00e9cnica tienen una duraci\u00f3n de 272 horas cada uno, y los dos \u00faltimos de 192, para un total de 1,200 horas de formaci\u00f3n profesional.<\/p><p>Cabe destacar que los m\u00f3dulos de formaci\u00f3n profesional tienen car\u00e1cter transdisciplinario, por cuanto corresponden con objetos y procesos de transformaci\u00f3n que implica la integraci\u00f3n de saberes de distintas disciplinas<\/p>\t\t\t\t\t\t\t\t<\/div>\n\t\t\t\t<\/div>\n\t\t\t\t\t<\/div>\n\t\t<\/div>\n\t\t\t\t\t<\/div>\n\t\t<\/section>\n\t\t\t\t<section class=\"elementor-section elementor-top-section elementor-element elementor-element-b4ceaf5 elementor-section-boxed elementor-section-height-default elementor-section-height-default\" data-id=\"b4ceaf5\" data-element_type=\"section\" data-e-type=\"section\">\n\t\t\t\t\t\t<div class=\"elementor-container elementor-column-gap-default\">\n\t\t\t\t\t<div class=\"elementor-column elementor-col-100 elementor-top-column elementor-element elementor-element-fc0f1b8\" data-id=\"fc0f1b8\" data-element_type=\"column\" data-e-type=\"column\">\n\t\t\t<div class=\"elementor-widget-wrap elementor-element-populated\">\n\t\t\t\t\t\t<div class=\"elementor-element elementor-element-d79c153 elementor-widget elementor-widget-text-editor\" data-id=\"d79c153\" data-element_type=\"widget\" data-e-type=\"widget\" data-widget_type=\"text-editor.default\">\n\t\t\t\t<div class=\"elementor-widget-container\">\n\t\t\t\t\t\t\t\t\t<p><strong>1.3 Perfil de egreso<\/strong><\/p><p>La formaci\u00f3n que ofrece la carrera de T\u00e9cnico Laboratorista Cl\u00ednico permite al egresado, a trav\u00e9s de la articulaci\u00f3n de saberes de diversos campos, realizar actividades dirigidas a: manejar, tratar, aprovechar y realizar la disposici\u00f3n final de los residuos s\u00f3lidos industriales mediante el auxilio, planeaci\u00f3n y ejecuci\u00f3n de programas enfocados a la gesti\u00f3n de los residuos s\u00f3lidos industriales.<\/p><p>Durante el proceso de formaci\u00f3n de los cinco m\u00f3dulos, el estudiante desarrollar\u00e1 o reforzar\u00e1: Las siguientes competencias profesionales:<\/p><ul><li>Auxilia en los procesos b\u00e1sicos de laboratorio cl\u00ednico<\/li><li>Identifica microorganismos con base en t\u00e9cnicas microbiol\u00f3gicas para diagn\u00f3stico cl\u00ednico<\/li><li>Analiza fluidos corporales de inter\u00e9s cl\u00ednico<\/li><li>Analiza sangre con base en t\u00e9cnicas inmunohematol\u00f3gicas y hemost\u00e1ticas<\/li><li>Analiza sangre con base en t\u00e9cnicas de qu\u00edmica cl\u00ednica y pruebas especiales<\/li><\/ul><p>\u00a0<\/p><p>El egresado de la carrera de T\u00e9cnico Laboratorista Cl\u00ednico est\u00e1 en posibilidades de demostrar competencias gen\u00e9ricas como:<\/p><ul><li>Privilegia el di\u00e1logo como mecanismo para la soluci\u00f3n de<\/li><li>Utiliza las tecnolog\u00edas de la informaci\u00f3n y comunicaci\u00f3n para procesar e interpretar informaci\u00f3n.<\/li><li>Reconoce que la diversidad tiene lugar en un espacio democr\u00e1tico de igualdad de dignidad y derechos de todas las personas, y rechaza toda forma de discriminaci\u00f3n.<\/li><li>Sigue instrucciones y procedimientos de manera reflexiva, comprendiendo como cada uno de sus pasos contribuye al alcance de un<\/li><li>Asume una actitud que favorece la soluci\u00f3n de problemas ambientales en los \u00e1mbitos local, nacional e<\/li><\/ul><p>\u00a0<\/p><p>Asimismo, desarrollar\u00e1 las siguientes competencias disciplinares:<\/p><ul><li>Aplica normas de seguridad en el manejo de sustancias, instrumentos y equipo en la realizaci\u00f3n de actividades de su vida<\/li><li>Establece la interrelaci\u00f3n entre la ciencia, la tecnolog\u00eda, la sociedad y el ambiente en contextos hist\u00f3ricos y sociales espec\u00edficos.<\/li><li>Relaciona los niveles de organizaci\u00f3n qu\u00edmica, biol\u00f3gica, f\u00edsica y ecol\u00f3gica de los sistemas<\/li><li>Relaciona las expresiones simb\u00f3licas de un fen\u00f3meno de la naturaleza y los rasgos observables a simple vista o mediante instrumentos o modelos cient\u00edficos.<\/li><\/ul><p>\u00a0<\/p><p>\u00a0<\/p><p>\u00a0<\/p><p>Y las competencias de empleabilidad y productividad:<\/p><ul><li>Escuchar, informar con veracidad y saber a d\u00f3nde<\/li><li>Actuar responsablemente de acuerdo a las normas y disposiciones definidas en un espacio<\/li><li>Observar permanentemente y reportar los cambios presentes en los procesos, infraestructura e<\/li><li>Cuidar y manejar los recursos y bienes ajenos siguiendo normas y disposiciones<\/li><li>Trabajar hasta alcanzar las metas o retos<\/li><li>Aceptar y aplicar los cambios de los procedimientos y de las herramientas de trabajo.<\/li><li>Verificar el cumplimiento de los par\u00e1metros de calidad<\/li><li>Registrar y revisar informaci\u00f3n para asegurar que sea<\/li><li>Aceptar y aplicar los cambios de los procedimientos y de las herramientas de trabajo.<\/li><\/ul><p>\u00a0<\/p><p>Es importante recordar que, en este modelo educativo, el egresado de la educaci\u00f3n media superior desarrolla las competencias gen\u00e9ricas a partir de la contribuci\u00f3n de las competencias profesionales al componente de formaci\u00f3n profesional, y no en forma aislada e individual, sino a trav\u00e9s de una propuesta de formaci\u00f3n integral, en un marco de diversidad<\/p>\t\t\t\t\t\t\t\t<\/div>\n\t\t\t\t<\/div>\n\t\t\t\t\t<\/div>\n\t\t<\/div>\n\t\t\t\t\t<\/div>\n\t\t<\/section>\n\t\t\t\t<section class=\"elementor-section elementor-top-section elementor-element elementor-element-fc43c11 elementor-section-boxed elementor-section-height-default elementor-section-height-default\" data-id=\"fc43c11\" data-element_type=\"section\" data-e-type=\"section\">\n\t\t\t\t\t\t<div class=\"elementor-container elementor-column-gap-default\">\n\t\t\t\t\t<div class=\"elementor-column elementor-col-100 elementor-top-column elementor-element elementor-element-5c30223\" data-id=\"5c30223\" data-element_type=\"column\" data-e-type=\"column\">\n\t\t\t<div class=\"elementor-widget-wrap elementor-element-populated\">\n\t\t\t\t\t\t<div class=\"elementor-element elementor-element-6247991 elementor-widget elementor-widget-image\" data-id=\"6247991\" data-element_type=\"widget\" data-e-type=\"widget\" data-widget_type=\"image.default\">\n\t\t\t\t<div class=\"elementor-widget-container\">\n\t\t\t\t\t\t\t\t\t\t\t\t\t\t\t<img decoding=\"async\" width=\"800\" height=\"619\" src=\"https:\/\/cbtis171.edu.mx\/wp-content\/uploads\/2022\/06\/laboratorio2-1024x792.jpg\" class=\"attachment-large size-large wp-image-1635\" alt=\"\" srcset=\"https:\/\/cbtis171.edu.mx\/wp-content\/uploads\/2022\/06\/laboratorio2-1024x792.jpg 1024w, https:\/\/cbtis171.edu.mx\/wp-content\/uploads\/2022\/06\/laboratorio2-300x232.jpg 300w, https:\/\/cbtis171.edu.mx\/wp-content\/uploads\/2022\/06\/laboratorio2-768x594.jpg 768w, https:\/\/cbtis171.edu.mx\/wp-content\/uploads\/2022\/06\/laboratorio2.jpg 1102w\" sizes=\"(max-width: 800px) 100vw, 800px\" \/>\t\t\t\t\t\t\t\t\t\t\t\t\t\t\t<\/div>\n\t\t\t\t<\/div>\n\t\t\t\t\t<\/div>\n\t\t<\/div>\n\t\t\t\t\t<\/div>\n\t\t<\/section>\n\t\t\t\t<section class=\"elementor-section elementor-top-section elementor-element elementor-element-1cf01bb elementor-section-boxed elementor-section-height-default elementor-section-height-default\" data-id=\"1cf01bb\" data-element_type=\"section\" data-e-type=\"section\">\n\t\t\t\t\t\t<div class=\"elementor-container elementor-column-gap-default\">\n\t\t\t\t\t<div class=\"elementor-column elementor-col-100 elementor-top-column elementor-element elementor-element-5290e97\" data-id=\"5290e97\" data-element_type=\"column\" data-e-type=\"column\">\n\t\t\t<div class=\"elementor-widget-wrap elementor-element-populated\">\n\t\t\t\t\t\t<div class=\"elementor-element elementor-element-85d1412 elementor-widget elementor-widget-text-editor\" data-id=\"85d1412\" data-element_type=\"widget\" data-e-type=\"widget\" data-widget_type=\"text-editor.default\">\n\t\t\t\t<div class=\"elementor-widget-container\">\n\t\t\t\t\t\t\t\t\t<ul><li style=\"text-align: center;\"><a href=\"https:\/\/cbtis171.edu.mx\/wp-content\/uploads\/2022\/06\/planlaboratorio.pdf\" target=\"_blank\" rel=\"noopener\">Descargar Plan de Estudios<\/a><\/li><\/ul>\t\t\t\t\t\t\t\t<\/div>\n\t\t\t\t<\/div>\n\t\t\t\t\t<\/div>\n\t\t<\/div>\n\t\t\t\t\t<\/div>\n\t\t<\/section>\n\t\t\t\t<\/div>\n\t\t","protected":false},"excerpt":{"rendered":"<p>T\u00e9cnico Laboratorista Cl\u00ednico 1.2 Justificaci\u00f3n de la carrera La carrera de T\u00e9cnico Laboratorista Cl\u00ednico ofrece las competencias profesionales que permiten al estudiante realizar actividades dirigidas a la participaci\u00f3n en procesos encaminados al diagn\u00f3stico, tratamiento, seguimiento y preservaci\u00f3n de la salud del ser humano; as\u00ed como a los procesos tecnol\u00f3gicos y de investigaci\u00f3n inherentes a su [&hellip;]<\/p>\n","protected":false},"author":1,"featured_media":0,"parent":0,"menu_order":0,"comment_status":"closed","ping_status":"closed","template":"","meta":{"footnotes":""},"class_list":["post-544","page","type-page","status-publish","hentry"],"_links":{"self":[{"href":"https:\/\/cbtis171.edu.mx\/index.php?rest_route=\/wp\/v2\/pages\/544","targetHints":{"allow":["GET"]}}],"collection":[{"href":"https:\/\/cbtis171.edu.mx\/index.php?rest_route=\/wp\/v2\/pages"}],"about":[{"href":"https:\/\/cbtis171.edu.mx\/index.php?rest_route=\/wp\/v2\/types\/page"}],"author":[{"embeddable":true,"href":"https:\/\/cbtis171.edu.mx\/index.php?rest_route=\/wp\/v2\/users\/1"}],"replies":[{"embeddable":true,"href":"https:\/\/cbtis171.edu.mx\/index.php?rest_route=%2Fwp%2Fv2%2Fcomments&post=544"}],"version-history":[{"count":0,"href":"https:\/\/cbtis171.edu.mx\/index.php?rest_route=\/wp\/v2\/pages\/544\/revisions"}],"wp:attachment":[{"href":"https:\/\/cbtis171.edu.mx\/index.php?rest_route=%2Fwp%2Fv2%2Fmedia&parent=544"}],"curies":[{"name":"wp","href":"https:\/\/api.w.org\/{rel}","templated":true}]}}