{"id":429,"date":"2022-01-28T21:22:46","date_gmt":"2022-01-28T21:22:46","guid":{"rendered":"https:\/\/pruebacetis.cleversolutions.mx\/?page_id=429"},"modified":"2023-10-13T15:11:09","modified_gmt":"2023-10-13T21:11:09","slug":"tecnico-en-administracion-de-recursos-humanos","status":"publish","type":"page","link":"https:\/\/cbtis171.edu.mx\/?page_id=429","title":{"rendered":"T\u00e9cnico en Contabilidad"},"content":{"rendered":"\t\t<div data-elementor-type=\"wp-page\" data-elementor-id=\"429\" class=\"elementor elementor-429\" data-elementor-post-type=\"page\">\n\t\t\t\t\t\t<section class=\"elementor-section elementor-top-section elementor-element elementor-element-afcd9c9 elementor-section-boxed elementor-section-height-default elementor-section-height-default\" data-id=\"afcd9c9\" data-element_type=\"section\" data-e-type=\"section\">\n\t\t\t\t\t\t<div class=\"elementor-container elementor-column-gap-default\">\n\t\t\t\t\t<div class=\"elementor-column elementor-col-100 elementor-top-column elementor-element elementor-element-4b28769\" data-id=\"4b28769\" data-element_type=\"column\" data-e-type=\"column\">\n\t\t\t<div class=\"elementor-widget-wrap elementor-element-populated\">\n\t\t\t\t\t\t<div class=\"elementor-element elementor-element-8a19d46 elementor-widget elementor-widget-heading\" data-id=\"8a19d46\" data-element_type=\"widget\" data-e-type=\"widget\" data-widget_type=\"heading.default\">\n\t\t\t\t<div class=\"elementor-widget-container\">\n\t\t\t\t\t<h2 class=\"elementor-heading-title elementor-size-default\">T\u00e9cnico en Contabilidad<\/h2>\t\t\t\t<\/div>\n\t\t\t\t<\/div>\n\t\t\t\t\t<\/div>\n\t\t<\/div>\n\t\t\t\t\t<\/div>\n\t\t<\/section>\n\t\t\t\t<section class=\"elementor-section elementor-top-section elementor-element elementor-element-2b25aee elementor-section-boxed elementor-section-height-default elementor-section-height-default\" data-id=\"2b25aee\" data-element_type=\"section\" data-e-type=\"section\">\n\t\t\t\t\t\t<div class=\"elementor-container elementor-column-gap-default\">\n\t\t\t\t\t<div class=\"elementor-column elementor-col-100 elementor-top-column elementor-element elementor-element-018061c\" data-id=\"018061c\" data-element_type=\"column\" data-e-type=\"column\">\n\t\t\t<div class=\"elementor-widget-wrap elementor-element-populated\">\n\t\t\t\t\t\t<div class=\"elementor-element elementor-element-af259d9 elementor-widget elementor-widget-image\" data-id=\"af259d9\" data-element_type=\"widget\" data-e-type=\"widget\" data-widget_type=\"image.default\">\n\t\t\t\t<div class=\"elementor-widget-container\">\n\t\t\t\t\t\t\t\t\t\t\t\t\t\t\t<img fetchpriority=\"high\" decoding=\"async\" width=\"800\" height=\"623\" src=\"https:\/\/cbtis171.edu.mx\/wp-content\/uploads\/2023\/07\/contabilidad1-1024x798.jpg\" class=\"attachment-large size-large wp-image-3369\" alt=\"\" srcset=\"https:\/\/cbtis171.edu.mx\/wp-content\/uploads\/2023\/07\/contabilidad1-1024x798.jpg 1024w, https:\/\/cbtis171.edu.mx\/wp-content\/uploads\/2023\/07\/contabilidad1-300x234.jpg 300w, https:\/\/cbtis171.edu.mx\/wp-content\/uploads\/2023\/07\/contabilidad1-768x599.jpg 768w, https:\/\/cbtis171.edu.mx\/wp-content\/uploads\/2023\/07\/contabilidad1.jpg 1247w\" sizes=\"(max-width: 800px) 100vw, 800px\" \/>\t\t\t\t\t\t\t\t\t\t\t\t\t\t\t<\/div>\n\t\t\t\t<\/div>\n\t\t\t\t\t<\/div>\n\t\t<\/div>\n\t\t\t\t\t<\/div>\n\t\t<\/section>\n\t\t\t\t<section class=\"elementor-section elementor-top-section elementor-element elementor-element-d316b46 elementor-section-boxed elementor-section-height-default elementor-section-height-default\" data-id=\"d316b46\" data-element_type=\"section\" data-e-type=\"section\">\n\t\t\t\t\t\t<div class=\"elementor-container elementor-column-gap-default\">\n\t\t\t\t\t<div class=\"elementor-column elementor-col-100 elementor-top-column elementor-element elementor-element-343db55\" data-id=\"343db55\" data-element_type=\"column\" data-e-type=\"column\">\n\t\t\t<div class=\"elementor-widget-wrap elementor-element-populated\">\n\t\t\t\t\t\t<div class=\"elementor-element elementor-element-eb676c6 elementor-widget elementor-widget-text-editor\" data-id=\"eb676c6\" data-element_type=\"widget\" data-e-type=\"widget\" data-widget_type=\"text-editor.default\">\n\t\t\t\t<div class=\"elementor-widget-container\">\n\t\t\t\t\t\t\t\t\t<p><strong>1.2 Justificaci\u00f3n de la carrera<\/strong><\/p><p>En el contexto (regional \/ nacional) la formaci\u00f3n de T\u00e9cnicos en: contabilidad es relevante porque: en la actualidad todo ente econ\u00f3mico requiere los servicios de un especialista, que lleve a cabo el registro sistem\u00e1tico de las operaciones econ\u00f3micas de entidades comerciales, industriales y de servicios, en un sistema manual y electr\u00f3nico a trav\u00e9s de software especializado para contar con informaci\u00f3n financiera, veraz y oportuna que les permita la toma de decisiones; adem\u00e1s de cumplir con las disposiciones fiscales vigentes, considerando a las caracter\u00edsticas propias de la entidad, determinar los pagos de n\u00f3mina de sus empleados, as\u00ed como el an\u00e1lisis de los diferentes procesos que se llevan a cabo en las \u00e1reas de la empresa con el prop\u00f3sito de establecer mecanismos de control interno.<\/p><p style=\"text-align: left;\">La carrera de T\u00e9cnico en Contabilidad desarrolla en el estudiante las siguientes:<\/p><p style=\"text-align: left;\">Competencias profesionales:<br \/>\u2022 Registra operaciones contables de empresas comerciales y de servicios<br \/>\u2022 Opera los procesos contables dentro de un sistema electr\u00f3nico<br \/>\u2022 Registra operaciones contables de una entidad fabril<br \/>\u2022 Determina las contribuciones fiscales de personas f\u00edsicas y morales<br \/>\u2022 Asiste en actividades de auditor\u00eda de una entidad<\/p><p style=\"text-align: left;\">Competencias gen\u00e9ricas:<br \/>\u2022 Sigue instrucciones y procedimientos de manera reflexiva , comprendiendo como cada uno de sus pasos contribuye al alcance de un objetivo.<br \/>\u2022 Utiliza las tecnolog\u00edas de la informaci\u00f3n y comunicaci\u00f3n para procesar e interpretar informaci\u00f3n.<br \/>\u2022 Identifica las actividades que le resultan de menor y mayor inter\u00e9s y dificultad, reconociendo y controlando sus reacciones frente a retos y<br \/>obst\u00e1culos.<br \/>\u2022 Articula saberes de diversos campos y establece relaciones entre ellos y su vida cotidiana.<br \/>\u2022 Propone maneras de solucionar un problema o desarrollar un proyecto en equipo, definiendo un curso de acci\u00f3n con pasos espec\u00edficos.<br \/>\u2022 Conoce sus derechos y obligaciones como mexicano y miembro de distintas comunidades e instituciones, y reconoce el valor de la<br \/>participaci\u00f3n como herramienta para ejercerlos.<\/p><p style=\"text-align: left;\">Competencia disciplinares:<br \/>\u2022 Identifica, ordena e interpreta las ideas, datos, conceptos expl\u00edcitos e impl\u00edcitos en un texto, considerando el contenido en el que se gener\u00f3 y en el que se recibe.<br \/>\u2022 Produce textos con base en el uso normativo de la lengua, considerando la intenci\u00f3n y situaci\u00f3n comunicativa.<br \/>\u2022 Formula y resuelve problemas matem\u00e1ticos, aplicando diferentes enfoques<br \/>\u2022 Argumenta la soluci\u00f3n obtenida de un problema, con m\u00e9todos num\u00e9ricos, gr\u00e1ficos, anal\u00edticos o variacionales, mediante el lenguaje verbal,<br \/>matem\u00e1tico y el uso de las tecnolog\u00edas de la informaci\u00f3n y la comunicaci\u00f3n.<br \/>\u2022 Se comunica en una lengua extranjera mediante un discurso l\u00f3gico, oral o escrito, congruente con la situaci\u00f3n comunicativa.<br \/>\u2022 Eval\u00faa las funciones de las leyes y su transformaci\u00f3n en el tiempo.<\/p><p>Competencias de Productividad y empleabilidad:<br \/>\u2022 Realizar actividades para la concreci\u00f3n de objetivos y metas.<br \/>\u2022 Expresar sus ideas de forma verbal o escrita, teniendo en cuenta las caracter\u00edsticas de su (s) interlocutor (es) y la situaci\u00f3n dada. <br \/>\u2022 Aceptar y aplicar los cambios de los procedimientos y de las herramientas de trabajo. <br \/>\u2022 Escuchar, informar con veracidad y saber a d\u00f3nde dirigirlo.<br \/>\u2022 Registrar y revisar informaci\u00f3n para asegurar que sea correcta. <br \/>\u2022 Promover el cumplimiento de normas y disposiciones en un espacio dado.<br \/>\u2022 Actuar responsablemente de acuerdo a las normas y disposiciones definidas en un espacio dado.<br \/>\u2022 Participar en la generaci\u00f3n de un clima de confianza y respeto. <br \/>\u2022 Cumplir compromisos de trabajo en equipo. <br \/>\u2022 Hacer caso omiso a distracciones del medio que puedan afectar su desempe\u00f1o. <br \/>\u2022 Definir sistemas y esquemas de trabajo.<br \/>\u2022 Establecer prioridades y tiempos<\/p><p>Facilitando al egresado su incorporaci\u00f3n al mundo laboral en: Instituciones publicas y privadas, as\u00ed como despachos contables ejerciendo la<br \/>toma de decisiones con una actitud cr\u00edtica, \u00e9tica y responsable como: participando en el mercado con diferentes ambientes laborales o en el desarrollo de procesos productivos independientes, de acuerdo con sus intereses profesionales y necesidades de su entorno social.<br \/>Para lograr las competencias el estudiante inicia la formaci\u00f3n profesional, en el segundo semestre y la concluye en el sexto.<br \/>Los primeros tres m\u00f3dulos de la carrera t\u00e9cnica tienen una duraci\u00f3n de 272 horas cada uno, y los dos \u00faltimos de 192, un total de 1200 horas<br \/>de formaci\u00f3n profesional.<\/p><p>Cabe destacar que los m\u00f3dulos de formaci\u00f3n profesional tienen car\u00e1cter transdisciplinario, por cuanto corresponden con objetos y procesos de transformaci\u00f3n que implica la integraci\u00f3n de saberes de distintas disciplinas<\/p>\t\t\t\t\t\t\t\t<\/div>\n\t\t\t\t<\/div>\n\t\t\t\t\t<\/div>\n\t\t<\/div>\n\t\t\t\t\t<\/div>\n\t\t<\/section>\n\t\t\t\t<section class=\"elementor-section elementor-top-section elementor-element elementor-element-70d21a4 elementor-section-boxed elementor-section-height-default elementor-section-height-default\" data-id=\"70d21a4\" data-element_type=\"section\" data-e-type=\"section\">\n\t\t\t\t\t\t<div class=\"elementor-container elementor-column-gap-default\">\n\t\t\t\t\t<div class=\"elementor-column elementor-col-100 elementor-top-column elementor-element elementor-element-0294fbc\" data-id=\"0294fbc\" data-element_type=\"column\" data-e-type=\"column\">\n\t\t\t<div class=\"elementor-widget-wrap elementor-element-populated\">\n\t\t\t\t\t\t<div class=\"elementor-element elementor-element-fc475d1 elementor-widget elementor-widget-text-editor\" data-id=\"fc475d1\" data-element_type=\"widget\" data-e-type=\"widget\" data-widget_type=\"text-editor.default\">\n\t\t\t\t<div class=\"elementor-widget-container\">\n\t\t\t\t\t\t\t\t\t<p><strong>1.2 Perfil de Egreso<\/strong><\/p><p>La formaci\u00f3n que ofrece la carrera de T\u00e9cnico en contabilidad permite al egresado, a trav\u00e9s de la articulaci\u00f3n de saberes de diversos campos, realizar actividades dirigidas a:<\/p><p>\u2022 Registrar operaciones contables de empresas comerciales y de servicios<br \/>\u2022 Operar los procesos contables dentro de un sistema electr\u00f3nico<br \/>\u2022 Registrar operaciones contables de una entidad fabril<br \/>\u2022 Determinar las contribuciones fiscales de personas f\u00edsicas y morales<br \/>\u2022 Asistir en actividades de auditor\u00eda de una entidad<\/p><p>Durante el proceso de formaci\u00f3n de los cinco m\u00f3dulos, el estudiante desarrollar\u00e1 o reforzar\u00e1 las siguientes competencias profesionales:<br \/>\u2022 Registra operaciones contables de empresas comerciales y de servicios<br \/>\u2022 Opera los procesos contables dentro de un sistema electr\u00f3nico<br \/>\u2022 Registra operaciones contables de una entidad fabril<br \/>\u2022 Determina las contribuciones fiscales de personas f\u00edsicas y morales<br \/>\u2022 Asiste en actividades de auditor\u00eda de una entidad<\/p><p>El egresado de la carrera de T\u00e9cnico en contabilidad est\u00e1 en posibilidades de demostrar las:<\/p><p>Competencias gen\u00e9ricas:<br \/>\u2022 Sigue instrucciones y procedimientos de manera reflexiva , comprendiendo como cada uno de sus pasos contribuye al alcance de un objetivo<br \/>\u2022 Utiliza las tecnolog\u00edas de la informaci\u00f3n y comunicaci\u00f3n para procesar e interpretar informaci\u00f3n.<br \/>\u2022 Identifica las actividades que le resultan de menor y mayor inter\u00e9s y dificultad, reconociendo y controlando sus reacciones frente a retos y<br \/>obst\u00e1culos.<br \/>\u2022 Articula saberes de diversos campos y establece relaciones entre ellos y su vida cotidiana.<br \/>\u2022 Propone maneras de solucionar un problema o desarrollar un proyecto en equipo, definiendo un curso de acci\u00f3n con pasos espec\u00edficos.<br \/>\u2022 Conoce sus derechos y obligaciones como mexicano y miembro de distintas comunidades e instituciones, y reconoce el valor de la<br \/>participaci\u00f3n como herramienta para ejercerlos<\/p><p>Competencia disciplinares:<br \/>\u2022 Identifica, ordena e interpreta las ideas, datos, conceptos expl\u00edcitos e impl\u00edcitos en un texto, considerando el contenido en el que se gener\u00f3 y en el que se recibe.<br \/>\u2022 Produce textos con base en el uso normativo de la lengua, considerando la intenci\u00f3n y situaci\u00f3n comunicativa.<br \/>\u2022 Formula y resuelve problemas matem\u00e1ticos, aplicando diferentes enfoques<br \/>\u2022 Argumenta la soluci\u00f3n obtenida de un problema, con m\u00e9todos num\u00e9ricos, gr\u00e1ficos, anal\u00edticos o variacionales, mediante el lenguaje verbal,<br \/>matem\u00e1tico y el uso de las tecnolog\u00edas de la informaci\u00f3n y la comunicaci\u00f3n.<br \/>\u2022 Se comunica en una lengua extranjera mediante un discurso l\u00f3gico, oral o escrito, congruente con la situaci\u00f3n comunicativa.<br \/>\u2022 Eval\u00faa las funciones de las leyes y su transformaci\u00f3n en el tiempo<\/p><p>\u00a0<\/p><p>Competencias de Productividad y empleabilidad:<br \/>\u2022 Realizar actividades para la concreci\u00f3n de objetivos y metas.<br \/>\u2022 Expresar sus ideas de forma verbal o escrita, teniendo en cuenta las caracter\u00edsticas de su (s) interlocutor (es) y la situaci\u00f3n dada. <br \/>\u2022 Aceptar y aplicar los cambios de los procedimientos y de las herramientas de trabajo. <br \/>\u2022 Escuchar, informar con veracidad y saber a d\u00f3nde dirigirlo.<br \/>\u2022 Registrar y revisar informaci\u00f3n para asegurar que sea correcta. <br \/>\u2022 Promover el cumplimiento de normas y disposiciones en un espacio dado.<br \/>\u2022 Actuar responsablemente de acuerdo a las normas y disposiciones definidas en un espacio dado.<br \/>\u2022 Participar en la generaci\u00f3n de un clima de confianza y respeto. <br \/>\u2022 Cumplir compromisos de trabajo en equipo. <br \/>\u2022 Hacer caso omiso a distracciones del medio que puedan afectar su desempe\u00f1o. <br \/>\u2022 Definir sistemas y esquemas de trabajo.<br \/>\u2022 Establecer prioridades y tiempos<\/p><p><br \/>Es importante recordar que, en este modelo educativo, el egresado de la educaci\u00f3n media superior desarrolla las competencias gen\u00e9ricas a partir de la contribuci\u00f3n de las competencias profesionales al componente de formaci\u00f3n profesional, y no en forma aislada e individual, sino a trav\u00e9s de una propuesta de formaci\u00f3n integral, en un marco de diversidad<\/p>\t\t\t\t\t\t\t\t<\/div>\n\t\t\t\t<\/div>\n\t\t\t\t\t<\/div>\n\t\t<\/div>\n\t\t\t\t\t<\/div>\n\t\t<\/section>\n\t\t\t\t<section class=\"elementor-section elementor-top-section elementor-element elementor-element-8d7152f elementor-section-boxed elementor-section-height-default elementor-section-height-default\" data-id=\"8d7152f\" data-element_type=\"section\" data-e-type=\"section\">\n\t\t\t\t\t\t<div class=\"elementor-container elementor-column-gap-default\">\n\t\t\t\t\t<div class=\"elementor-column elementor-col-100 elementor-top-column elementor-element elementor-element-acb6d1c\" data-id=\"acb6d1c\" data-element_type=\"column\" data-e-type=\"column\">\n\t\t\t<div class=\"elementor-widget-wrap elementor-element-populated\">\n\t\t\t\t\t\t<div class=\"elementor-element elementor-element-90d19a4 elementor-widget elementor-widget-image\" data-id=\"90d19a4\" data-element_type=\"widget\" data-e-type=\"widget\" data-widget_type=\"image.default\">\n\t\t\t\t<div class=\"elementor-widget-container\">\n\t\t\t\t\t\t\t\t\t\t\t\t\t\t\t<img decoding=\"async\" width=\"800\" height=\"622\" src=\"https:\/\/cbtis171.edu.mx\/wp-content\/uploads\/2023\/07\/contabilidad2-1024x796.jpg\" class=\"attachment-large size-large wp-image-3370\" alt=\"\" srcset=\"https:\/\/cbtis171.edu.mx\/wp-content\/uploads\/2023\/07\/contabilidad2-1024x796.jpg 1024w, https:\/\/cbtis171.edu.mx\/wp-content\/uploads\/2023\/07\/contabilidad2-300x233.jpg 300w, https:\/\/cbtis171.edu.mx\/wp-content\/uploads\/2023\/07\/contabilidad2-768x597.jpg 768w, https:\/\/cbtis171.edu.mx\/wp-content\/uploads\/2023\/07\/contabilidad2.jpg 1089w\" sizes=\"(max-width: 800px) 100vw, 800px\" \/>\t\t\t\t\t\t\t\t\t\t\t\t\t\t\t<\/div>\n\t\t\t\t<\/div>\n\t\t\t\t\t<\/div>\n\t\t<\/div>\n\t\t\t\t\t<\/div>\n\t\t<\/section>\n\t\t\t\t<section class=\"elementor-section elementor-top-section elementor-element elementor-element-4b49ef8 elementor-section-boxed elementor-section-height-default elementor-section-height-default\" data-id=\"4b49ef8\" data-element_type=\"section\" data-e-type=\"section\">\n\t\t\t\t\t\t<div class=\"elementor-container elementor-column-gap-default\">\n\t\t\t\t\t<div class=\"elementor-column elementor-col-100 elementor-top-column elementor-element elementor-element-a0c4945\" data-id=\"a0c4945\" data-element_type=\"column\" data-e-type=\"column\">\n\t\t\t<div class=\"elementor-widget-wrap elementor-element-populated\">\n\t\t\t\t\t\t<div class=\"elementor-element elementor-element-8be1707 elementor-widget elementor-widget-text-editor\" data-id=\"8be1707\" data-element_type=\"widget\" data-e-type=\"widget\" data-widget_type=\"text-editor.default\">\n\t\t\t\t<div class=\"elementor-widget-container\">\n\t\t\t\t\t\t\t\t\t<ul><li><a href=\"https:\/\/cbtis171.edu.mx\/wp-content\/uploads\/2023\/07\/plancontabilidad2016.pdf\" target=\"_blank\" rel=\"noopener\">Descargar Plan de Estudios<\/a><\/li><\/ul>\t\t\t\t\t\t\t\t<\/div>\n\t\t\t\t<\/div>\n\t\t\t\t\t<\/div>\n\t\t<\/div>\n\t\t\t\t\t<\/div>\n\t\t<\/section>\n\t\t\t\t<\/div>\n\t\t","protected":false},"excerpt":{"rendered":"<p>T\u00e9cnico en Contabilidad 1.2 Justificaci\u00f3n de la carrera En el contexto (regional \/ nacional) la formaci\u00f3n de T\u00e9cnicos en: contabilidad es relevante porque: en la actualidad todo ente econ\u00f3mico requiere los servicios de un especialista, que lleve a cabo el registro sistem\u00e1tico de las operaciones econ\u00f3micas de entidades comerciales, industriales y de servicios, en un [&hellip;]<\/p>\n","protected":false},"author":1,"featured_media":0,"parent":0,"menu_order":0,"comment_status":"closed","ping_status":"closed","template":"","meta":{"footnotes":""},"class_list":["post-429","page","type-page","status-publish","hentry"],"_links":{"self":[{"href":"https:\/\/cbtis171.edu.mx\/index.php?rest_route=\/wp\/v2\/pages\/429","targetHints":{"allow":["GET"]}}],"collection":[{"href":"https:\/\/cbtis171.edu.mx\/index.php?rest_route=\/wp\/v2\/pages"}],"about":[{"href":"https:\/\/cbtis171.edu.mx\/index.php?rest_route=\/wp\/v2\/types\/page"}],"author":[{"embeddable":true,"href":"https:\/\/cbtis171.edu.mx\/index.php?rest_route=\/wp\/v2\/users\/1"}],"replies":[{"embeddable":true,"href":"https:\/\/cbtis171.edu.mx\/index.php?rest_route=%2Fwp%2Fv2%2Fcomments&post=429"}],"version-history":[{"count":0,"href":"https:\/\/cbtis171.edu.mx\/index.php?rest_route=\/wp\/v2\/pages\/429\/revisions"}],"wp:attachment":[{"href":"https:\/\/cbtis171.edu.mx\/index.php?rest_route=%2Fwp%2Fv2%2Fmedia&parent=429"}],"curies":[{"name":"wp","href":"https:\/\/api.w.org\/{rel}","templated":true}]}}