{"id":2584,"date":"2022-11-08T16:24:28","date_gmt":"2022-11-08T16:24:28","guid":{"rendered":"https:\/\/cetis62.edu.mx\/?page_id=2584"},"modified":"2023-10-13T18:38:17","modified_gmt":"2023-10-14T00:38:17","slug":"normatividad","status":"publish","type":"page","link":"https:\/\/cbtis171.edu.mx\/?page_id=2584","title":{"rendered":"Normatividad"},"content":{"rendered":"\t\t<div data-elementor-type=\"wp-page\" data-elementor-id=\"2584\" class=\"elementor elementor-2584\" data-elementor-post-type=\"page\">\n\t\t\t\t\t\t<section class=\"elementor-section elementor-top-section elementor-element elementor-element-e1e06a0 elementor-section-boxed elementor-section-height-default elementor-section-height-default\" data-id=\"e1e06a0\" data-element_type=\"section\" data-e-type=\"section\">\n\t\t\t\t\t\t<div class=\"elementor-container elementor-column-gap-default\">\n\t\t\t\t\t<div class=\"elementor-column elementor-col-100 elementor-top-column elementor-element elementor-element-2a88866\" data-id=\"2a88866\" data-element_type=\"column\" data-e-type=\"column\">\n\t\t\t<div class=\"elementor-widget-wrap elementor-element-populated\">\n\t\t\t\t\t\t<div class=\"elementor-element elementor-element-0e26a21 elementor-widget elementor-widget-heading\" data-id=\"0e26a21\" data-element_type=\"widget\" data-e-type=\"widget\" data-widget_type=\"heading.default\">\n\t\t\t\t<div class=\"elementor-widget-container\">\n\t\t\t\t\t<h2 class=\"elementor-heading-title elementor-size-default\">Normatividad<\/h2>\t\t\t\t<\/div>\n\t\t\t\t<\/div>\n\t\t\t\t\t<\/div>\n\t\t<\/div>\n\t\t\t\t\t<\/div>\n\t\t<\/section>\n\t\t\t\t<section class=\"elementor-section elementor-top-section elementor-element elementor-element-59bb088 elementor-section-boxed elementor-section-height-default elementor-section-height-default\" data-id=\"59bb088\" data-element_type=\"section\" data-e-type=\"section\">\n\t\t\t\t\t\t<div class=\"elementor-container elementor-column-gap-default\">\n\t\t\t\t\t<div class=\"elementor-column elementor-col-100 elementor-top-column elementor-element elementor-element-6d6d1b8\" data-id=\"6d6d1b8\" data-element_type=\"column\" data-e-type=\"column\">\n\t\t\t<div class=\"elementor-widget-wrap elementor-element-populated\">\n\t\t\t\t\t\t<div class=\"elementor-element elementor-element-c01e789 elementor-widget elementor-widget-text-editor\" data-id=\"c01e789\" data-element_type=\"widget\" data-e-type=\"widget\" data-widget_type=\"text-editor.default\">\n\t\t\t\t<div class=\"elementor-widget-container\">\n\t\t\t\t\t\t\t\t\t<ul><li><a href=\"https:\/\/cbtis171.edu.mx\/wp-content\/uploads\/2022\/11\/Manual_de_Normas_de_la_Administracion_de_Recursos_Humanos_de_la_SEP_7_de_agosto_de2009.pdf\" target=\"_blank\" rel=\"noopener\">Manual de Normas para la Administraci\u00f3n de Recursos Humanos<\/a><\/li><li><a href=\"https:\/\/cbtis171.edu.mx\/wp-content\/uploads\/2022\/11\/Ley_del_ISSSTE13Nov2015.pdf\" target=\"_blank\" rel=\"noopener\">Ley del ISSSTE<\/a><\/li><li><a href=\"https:\/\/cbtis171.edu.mx\/wp-content\/uploads\/2022\/11\/Reglamento_de_las_Condiciones_Generales_de_Trabajo_del_Personal_de_la_SEP_13Feb1946.pdf\" target=\"_blank\" rel=\"noopener\">Reglamento de las Condiciones Generales de Trabajo del Personal de la SEP<\/a><\/li><li><a href=\"https:\/\/cbtis171.edu.mx\/wp-content\/uploads\/2022\/11\/Ley_de_Premios_Estimulos_y_Recompensas_Civiles.2Abril2015.pdf\" target=\"_blank\" rel=\"noopener\">Ley de Premios, Est\u00edmulos y Recompensas Civiles<\/a><\/li><li><a href=\"https:\/\/cbtis171.edu.mx\/wp-content\/uploads\/2022\/11\/Ley_Federal_de_los_Trabajadores_al_Servicio_del_Estado2Abril2014.pdf\" target=\"_blank\" rel=\"noopener\">Ley Federal de los Trabajadores al Servicio del Estado<\/a><\/li><li><a href=\"https:\/\/cbtis171.edu.mx\/wp-content\/uploads\/2022\/11\/Ley_Federal_de_Procedimiento_Administrativo_9abril2012.pdf\" target=\"_blank\" rel=\"noopener\">Ley Federal de Procedimiento Administrativo<\/a><\/li><li><a href=\"https:\/\/cbtis171.edu.mx\/wp-content\/uploads\/2022\/11\/Ley_Federal_de_Responsabilidades_Administrativas_de_los_Servidores_Publlicos14julio2014.pdf\" target=\"_blank\" rel=\"noopener\">Ley Federal de Responsabilidades Administrativas de los Servidores P\u00fablicos<\/a><\/li><li><a href=\"https:\/\/cbtis171.edu.mx\/wp-content\/uploads\/2022\/11\/Normas_que_Regulan_las_Condiciones_Especficas_del_Personal_Docente_de_la_DGETI_3Sep1984.pdf\" target=\"_blank\" rel=\"noopener\">Normas que Regulan las Condiciones Espec\u00edficas del Personal Docente de la DGETI<\/a><\/li><li><a href=\"https:\/\/cbtis171.edu.mx\/wp-content\/uploads\/2022\/11\/Oficio-circuar224-1_criterios_ahorro_solidario.pdf\" target=\"_blank\" rel=\"noopener\">Oficio Circular N.224.1 emitido por la Oficial\u00eda Mayor de la SEP que establece los Criterios que regulan la aplicaci\u00f3n del Ahorro Solidario a los Trabajadores Incorporados al R\u00e9gimen de Cuentas Individuales del ISSSTE, Direcci\u00f3n General de Personal<\/a><\/li><li><a href=\"https:\/\/cbtis171.edu.mx\/wp-content\/uploads\/2022\/11\/Manual_de_Organizacion._DGETI._2012.pdf\" target=\"_blank\" rel=\"noopener\">Manual de Organizaci\u00f3n de la DGETI<\/a><\/li><li><a href=\"http:\/\/uemstis.sep.gob.mx\/index.php\/normateca\/103-categoria-manualesdgeti\/143-manual-de-estructuras-en-los-estados\" target=\"_blank\" rel=\"noopener\">Manual de Estructuras en los Estados<\/a><\/li><li><a href=\"http:\/\/uemstis.sep.gob.mx\/index.php\/la-dgeti-hoy\/690-lineamientos-de-operacion-en-la-contingencia-covid-19-para-la-unidad-de-educacion-media-superior-tecnologica-industrial-y-de-servicios-y-de-conformidad-con-el-inicio-de-la-jornada-nacional-de-sana-distancia\" target=\"_blank\" rel=\"noopener\">Lineamientos de Operaci\u00f3n en la Contingencia (COVID-19), para la Unidad de Educaci\u00f3n Media Superior Tecnol\u00f3gica y de Servicios y de conformidad con el inicio de \u00abLa Jornada Nacional de Sana Distancia\u00bb<\/a><\/li><li><a href=\"https:\/\/declaracion.declaranet.gob.mx\/\" target=\"_blank\" rel=\"noopener\">DeclaraNet<\/a><\/li><li><a href=\"https:\/\/cbtis171.edu.mx\/wp-content\/uploads\/2023\/03\/GuiaSaludBuenRegresoClasesMediaSuperiorSuperior.pdf\" target=\"_blank\" rel=\"noopener\">Buen Regreso a Clases en Educaci\u00f3n Media Superior y Superior<\/a><\/li><\/ul>\t\t\t\t\t\t\t\t<\/div>\n\t\t\t\t<\/div>\n\t\t\t\t\t<\/div>\n\t\t<\/div>\n\t\t\t\t\t<\/div>\n\t\t<\/section>\n\t\t\t\t<\/div>\n\t\t","protected":false},"excerpt":{"rendered":"<p>Normatividad Manual de Normas para la Administraci\u00f3n de Recursos Humanos Ley del ISSSTE Reglamento de las Condiciones Generales de Trabajo del Personal de la SEP Ley de Premios, Est\u00edmulos y Recompensas Civiles Ley Federal de los Trabajadores al Servicio del Estado Ley Federal de Procedimiento Administrativo Ley Federal de Responsabilidades Administrativas de los Servidores P\u00fablicos [&hellip;]<\/p>\n","protected":false},"author":1,"featured_media":0,"parent":0,"menu_order":0,"comment_status":"closed","ping_status":"closed","template":"","meta":{"footnotes":""},"class_list":["post-2584","page","type-page","status-publish","hentry"],"_links":{"self":[{"href":"https:\/\/cbtis171.edu.mx\/index.php?rest_route=\/wp\/v2\/pages\/2584","targetHints":{"allow":["GET"]}}],"collection":[{"href":"https:\/\/cbtis171.edu.mx\/index.php?rest_route=\/wp\/v2\/pages"}],"about":[{"href":"https:\/\/cbtis171.edu.mx\/index.php?rest_route=\/wp\/v2\/types\/page"}],"author":[{"embeddable":true,"href":"https:\/\/cbtis171.edu.mx\/index.php?rest_route=\/wp\/v2\/users\/1"}],"replies":[{"embeddable":true,"href":"https:\/\/cbtis171.edu.mx\/index.php?rest_route=%2Fwp%2Fv2%2Fcomments&post=2584"}],"version-history":[{"count":0,"href":"https:\/\/cbtis171.edu.mx\/index.php?rest_route=\/wp\/v2\/pages\/2584\/revisions"}],"wp:attachment":[{"href":"https:\/\/cbtis171.edu.mx\/index.php?rest_route=%2Fwp%2Fv2%2Fmedia&parent=2584"}],"curies":[{"name":"wp","href":"https:\/\/api.w.org\/{rel}","templated":true}]}}